{"id":2599,"date":"2025-01-15T12:15:41","date_gmt":"2025-01-15T12:15:41","guid":{"rendered":"https:\/\/murmur.nordweb.dev\/?post_type=product&#038;p=2599"},"modified":"2025-07-05T10:02:09","modified_gmt":"2025-07-05T10:02:09","slug":"kostiumines-placios-kelnes","status":"publish","type":"product","link":"https:\/\/murmur.nordweb.dev\/en\/produktas\/kostiumines-placios-kelnes\/","title":{"rendered":"Kostiumin\u0117s pla\u010dios keln\u0117s"},"content":{"rendered":"","protected":false},"excerpt":{"rendered":"<p>Kurioje vietoje atsiranda?<\/p>\n","protected":false},"featured_media":2623,"comment_status":"open","ping_status":"closed","template":"","meta":[],"product_cat":[230,268,15],"product_tag":[],"class_list":["post-2599","product","type-product","status-publish","has-post-thumbnail","hentry","style-placios","product_cat-best-sellers","product_cat-kelnes","product_cat-for-women","pa_dydis-xs","pa_dydis-s","pa_dydis-m","pa_dydis-l","pa_dydis-xl","pa_dydis-xxl","pa_dydis-xxxl","pa_dydis-xxxxl"],"acf":[],"_links":{"self":[{"href":"https:\/\/murmur.nordweb.dev\/en\/wp-json\/wp\/v2\/product\/2599","targetHints":{"allow":["GET"]}}],"collection":[{"href":"https:\/\/murmur.nordweb.dev\/en\/wp-json\/wp\/v2\/product"}],"about":[{"href":"https:\/\/murmur.nordweb.dev\/en\/wp-json\/wp\/v2\/types\/product"}],"replies":[{"embeddable":true,"href":"https:\/\/murmur.nordweb.dev\/en\/wp-json\/wp\/v2\/comments?post=2599"}],"wp:featuredmedia":[{"embeddable":true,"href":"https:\/\/murmur.nordweb.dev\/en\/wp-json\/wp\/v2\/media\/2623"}],"wp:attachment":[{"href":"https:\/\/murmur.nordweb.dev\/en\/wp-json\/wp\/v2\/media?parent=2599"}],"wp:term":[{"taxonomy":"product_cat","embeddable":true,"href":"https:\/\/murmur.nordweb.dev\/en\/wp-json\/wp\/v2\/product_cat?post=2599"},{"taxonomy":"product_tag","embeddable":true,"href":"https:\/\/murmur.nordweb.dev\/en\/wp-json\/wp\/v2\/product_tag?post=2599"}],"curies":[{"name":"wp","href":"https:\/\/api.w.org\/{rel}","templated":true}]}}