{"id":3287,"date":"2025-04-13T09:44:55","date_gmt":"2025-04-13T09:44:55","guid":{"rendered":"https:\/\/murmur.nordweb.dev\/?post_type=product&#038;p=3287"},"modified":"2025-07-30T08:34:39","modified_gmt":"2025-07-30T08:34:39","slug":"smagus-tiesus-dzinsai","status":"publish","type":"product","link":"https:\/\/murmur.nordweb.dev\/en\/produktas\/smagus-tiesus-dzinsai\/","title":{"rendered":"Ties\u016bs smag\u016bs d\u017einsai"},"content":{"rendered":"","protected":false},"excerpt":{"rendered":"<p>Kurioje vietoje atsiranda?<\/p>\n","protected":false},"featured_media":3297,"comment_status":"open","ping_status":"closed","template":"","meta":[],"product_cat":[269,268,15],"product_tag":[],"class_list":["post-3287","product","type-product","status-publish","has-post-thumbnail","hentry","style-tiesios","product_cat-dzinsai","product_cat-kelnes","product_cat-for-women","pa_dydis-xs","pa_dydis-s","pa_dydis-m","pa_dydis-l","pa_dydis-xl","pa_dydis-xxl","pa_dydis-xxxl","pa_dydis-xxxxl"],"acf":[],"_links":{"self":[{"href":"https:\/\/murmur.nordweb.dev\/en\/wp-json\/wp\/v2\/product\/3287","targetHints":{"allow":["GET"]}}],"collection":[{"href":"https:\/\/murmur.nordweb.dev\/en\/wp-json\/wp\/v2\/product"}],"about":[{"href":"https:\/\/murmur.nordweb.dev\/en\/wp-json\/wp\/v2\/types\/product"}],"replies":[{"embeddable":true,"href":"https:\/\/murmur.nordweb.dev\/en\/wp-json\/wp\/v2\/comments?post=3287"}],"wp:featuredmedia":[{"embeddable":true,"href":"https:\/\/murmur.nordweb.dev\/en\/wp-json\/wp\/v2\/media\/3297"}],"wp:attachment":[{"href":"https:\/\/murmur.nordweb.dev\/en\/wp-json\/wp\/v2\/media?parent=3287"}],"wp:term":[{"taxonomy":"product_cat","embeddable":true,"href":"https:\/\/murmur.nordweb.dev\/en\/wp-json\/wp\/v2\/product_cat?post=3287"},{"taxonomy":"product_tag","embeddable":true,"href":"https:\/\/murmur.nordweb.dev\/en\/wp-json\/wp\/v2\/product_tag?post=3287"}],"curies":[{"name":"wp","href":"https:\/\/api.w.org\/{rel}","templated":true}]}}