{"id":3326,"date":"2025-04-13T11:08:02","date_gmt":"2025-04-13T11:08:02","guid":{"rendered":"https:\/\/murmur.nordweb.dev\/?post_type=product&#038;p=3326"},"modified":"2025-08-01T12:42:36","modified_gmt":"2025-08-01T12:42:36","slug":"kostiumines-kelnes-piestukas","status":"publish","type":"product","link":"https:\/\/murmur.nordweb.dev\/en\/produktas\/kostiumines-kelnes-piestukas\/","title":{"rendered":"Kostiumin\u0117s keln\u0117s Pie\u0161tukas"},"content":{"rendered":"","protected":false},"excerpt":{"rendered":"<p>Kurioje vietoje atsiranda?<\/p>\n","protected":false},"featured_media":3631,"comment_status":"open","ping_status":"closed","template":"","meta":[],"product_cat":[234,268,15],"product_tag":[],"class_list":["post-3326","product","type-product","status-publish","has-post-thumbnail","hentry","style-siaurejancios","product_cat-ispardavimas","product_cat-kelnes","product_cat-for-women","pa_dydis-xs","pa_dydis-s","pa_dydis-m","pa_dydis-l","pa_dydis-xl","pa_dydis-xxl","pa_dydis-xxxl","pa_dydis-xxxxl"],"acf":[],"_links":{"self":[{"href":"https:\/\/murmur.nordweb.dev\/en\/wp-json\/wp\/v2\/product\/3326","targetHints":{"allow":["GET"]}}],"collection":[{"href":"https:\/\/murmur.nordweb.dev\/en\/wp-json\/wp\/v2\/product"}],"about":[{"href":"https:\/\/murmur.nordweb.dev\/en\/wp-json\/wp\/v2\/types\/product"}],"replies":[{"embeddable":true,"href":"https:\/\/murmur.nordweb.dev\/en\/wp-json\/wp\/v2\/comments?post=3326"}],"wp:featuredmedia":[{"embeddable":true,"href":"https:\/\/murmur.nordweb.dev\/en\/wp-json\/wp\/v2\/media\/3631"}],"wp:attachment":[{"href":"https:\/\/murmur.nordweb.dev\/en\/wp-json\/wp\/v2\/media?parent=3326"}],"wp:term":[{"taxonomy":"product_cat","embeddable":true,"href":"https:\/\/murmur.nordweb.dev\/en\/wp-json\/wp\/v2\/product_cat?post=3326"},{"taxonomy":"product_tag","embeddable":true,"href":"https:\/\/murmur.nordweb.dev\/en\/wp-json\/wp\/v2\/product_tag?post=3326"}],"curies":[{"name":"wp","href":"https:\/\/api.w.org\/{rel}","templated":true}]}}