{"id":3703,"date":"2025-08-02T08:13:33","date_gmt":"2025-08-02T08:13:33","guid":{"rendered":"https:\/\/murmur.nordweb.dev\/?post_type=product&#038;p=3703"},"modified":"2025-08-02T08:44:04","modified_gmt":"2025-08-02T08:44:04","slug":"dzinsine-suknele","status":"publish","type":"product","link":"https:\/\/murmur.nordweb.dev\/en\/produktas\/dzinsine-suknele\/","title":{"rendered":"D\u017einsin\u0117 suknel\u0117"},"content":{"rendered":"","protected":false},"excerpt":{"rendered":"<p>Kurioje vietoje atsiranda?<\/p>\n","protected":false},"featured_media":3666,"comment_status":"open","ping_status":"closed","template":"","meta":[],"product_cat":[15,254],"product_tag":[],"class_list":["post-3703","product","type-product","status-publish","has-post-thumbnail","hentry","product_cat-for-women","product_cat-sukneles","pa_dydis-xs","pa_dydis-s","pa_dydis-m","pa_dydis-l","pa_dydis-xl","pa_dydis-xxl","pa_dydis-xxxl","pa_dydis-xxxxl"],"acf":[],"_links":{"self":[{"href":"https:\/\/murmur.nordweb.dev\/en\/wp-json\/wp\/v2\/product\/3703","targetHints":{"allow":["GET"]}}],"collection":[{"href":"https:\/\/murmur.nordweb.dev\/en\/wp-json\/wp\/v2\/product"}],"about":[{"href":"https:\/\/murmur.nordweb.dev\/en\/wp-json\/wp\/v2\/types\/product"}],"replies":[{"embeddable":true,"href":"https:\/\/murmur.nordweb.dev\/en\/wp-json\/wp\/v2\/comments?post=3703"}],"wp:featuredmedia":[{"embeddable":true,"href":"https:\/\/murmur.nordweb.dev\/en\/wp-json\/wp\/v2\/media\/3666"}],"wp:attachment":[{"href":"https:\/\/murmur.nordweb.dev\/en\/wp-json\/wp\/v2\/media?parent=3703"}],"wp:term":[{"taxonomy":"product_cat","embeddable":true,"href":"https:\/\/murmur.nordweb.dev\/en\/wp-json\/wp\/v2\/product_cat?post=3703"},{"taxonomy":"product_tag","embeddable":true,"href":"https:\/\/murmur.nordweb.dev\/en\/wp-json\/wp\/v2\/product_tag?post=3703"}],"curies":[{"name":"wp","href":"https:\/\/api.w.org\/{rel}","templated":true}]}}